{"id":4636,"date":"2025-03-30T20:13:42","date_gmt":"2025-03-30T18:13:42","guid":{"rendered":"https:\/\/www.illusionen.org\/blog\/?page_id=4636"},"modified":"2026-03-28T11:25:03","modified_gmt":"2026-03-28T10:25:03","slug":"elementor-4636","status":"publish","type":"page","link":"https:\/\/www.illusionen.org\/blog\/","title":{"rendered":"Optische T\u00e4uschungen, Illusionen und R\u00e4tsel"},"content":{"rendered":"\t\t<div data-elementor-type=\"wp-page\" data-elementor-id=\"4636\" class=\"elementor elementor-4636\">\n\t\t\t\t<div class=\"elementor-element elementor-element-d6328e1 e-flex e-con-boxed e-con e-parent\" data-id=\"d6328e1\" data-element_type=\"container\" data-e-type=\"container\">\n\t\t\t\t\t<div class=\"e-con-inner\">\n\t\t\t\t<div class=\"elementor-element elementor-element-944b3f4 elementor-widget elementor-widget-heading\" data-id=\"944b3f4\" data-element_type=\"widget\" data-e-type=\"widget\" data-widget_type=\"heading.default\">\n\t\t\t\t<div class=\"elementor-widget-container\">\n\t\t\t\t\t<p class=\"elementor-heading-title elementor-size-default\"><a href=\"https:\/\/www.illusionen.org\/blog\/mysteries\/\">Letztes Update: 09.12.2025 (Mystery)<\/a><\/p>\t\t\t\t<\/div>\n\t\t\t\t<\/div>\n\t\t\t\t<div class=\"elementor-element elementor-element-b4c78f9 elementor-widget elementor-widget-heading\" data-id=\"b4c78f9\" data-element_type=\"widget\" data-e-type=\"widget\" data-widget_type=\"heading.default\">\n\t\t\t\t<div class=\"elementor-widget-container\">\n\t\t\t\t\t<p class=\"elementor-heading-title elementor-size-default\">Neue Bilder finden sich in der Regel ganz oben auf den Seiten.<\/p>\t\t\t\t<\/div>\n\t\t\t\t<\/div>\n\t\t\t\t\t<\/div>\n\t\t\t\t<\/div>\n\t\t<div class=\"elementor-element elementor-element-4e9be44 e-grid e-con-boxed e-con e-parent\" data-id=\"4e9be44\" data-element_type=\"container\" data-e-type=\"container\">\n\t\t\t\t\t<div class=\"e-con-inner\">\n\t\t\t\t<div class=\"elementor-element elementor-element-aea0c59 elementor-widget elementor-widget-image\" data-id=\"aea0c59\" data-element_type=\"widget\" data-e-type=\"widget\" data-widget_type=\"image.default\">\n\t\t\t\t<div class=\"elementor-widget-container\">\n\t\t\t\t\t\t\t\t\t\t\t\t<figure class=\"wp-caption\">\n\t\t\t\t\t\t\t\t\t\t\t<a href=\"https:\/\/www.illusionen.org\/blog\/optische-tauschungen\/\">\n\t\t\t\t\t\t\t<img decoding=\"async\" width=\"150\" height=\"150\" src=\"https:\/\/www.illusionen.org\/blog\/wp-content\/uploads\/2008\/11\/blaue_linien-150x150.jpg\" class=\"attachment-thumbnail size-thumbnail wp-image-844\" alt=\"Blaue Linien\" \/>\t\t\t\t\t\t\t\t<\/a>\n\t\t\t\t\t\t\t\t\t\t\t<figcaption class=\"widget-image-caption wp-caption-text\"><a href=\"https:\/\/www.illusionen.org\/blog\/optische-tauschungen\/\" target=\"_blank\">Optische T\u00e4uschungen<\/a><\/figcaption>\n\t\t\t\t\t\t\t\t\t\t<\/figure>\n\t\t\t\t\t\t\t\t\t<\/div>\n\t\t\t\t<\/div>\n\t\t\t\t<div class=\"elementor-element elementor-element-83210be elementor-widget elementor-widget-image\" data-id=\"83210be\" data-element_type=\"widget\" data-e-type=\"widget\" data-widget_type=\"image.default\">\n\t\t\t\t<div class=\"elementor-widget-container\">\n\t\t\t\t\t\t\t\t\t\t\t\t<figure class=\"wp-caption\">\n\t\t\t\t\t\t\t\t\t\t\t<a href=\"https:\/\/www.illusionen.org\/blog\/bewegung\/\">\n\t\t\t\t\t\t\t<img decoding=\"async\" width=\"150\" height=\"150\" src=\"https:\/\/www.illusionen.org\/blog\/wp-content\/uploads\/2008\/09\/gruen-150x150.jpg\" class=\"attachment-thumbnail size-thumbnail wp-image-210\" alt=\"\" srcset=\"https:\/\/www.illusionen.org\/blog\/wp-content\/uploads\/2008\/09\/gruen-150x150.jpg 150w, https:\/\/www.illusionen.org\/blog\/wp-content\/uploads\/2008\/09\/gruen-300x297.jpg 300w, https:\/\/www.illusionen.org\/blog\/wp-content\/uploads\/2008\/09\/gruen.jpg 454w\" sizes=\"(max-width: 150px) 100vw, 150px\" \/>\t\t\t\t\t\t\t\t<\/a>\n\t\t\t\t\t\t\t\t\t\t\t<figcaption class=\"widget-image-caption wp-caption-text\"><a href=\"https:\/\/www.illusionen.org\/blog\/bewegung\/\" target=\"_blank\">Bewegungen\/Flimmern<\/a><\/figcaption>\n\t\t\t\t\t\t\t\t\t\t<\/figure>\n\t\t\t\t\t\t\t\t\t<\/div>\n\t\t\t\t<\/div>\n\t\t\t\t<div class=\"elementor-element elementor-element-20b4198 elementor-widget elementor-widget-image\" data-id=\"20b4198\" data-element_type=\"widget\" data-e-type=\"widget\" data-widget_type=\"image.default\">\n\t\t\t\t<div class=\"elementor-widget-container\">\n\t\t\t\t\t\t\t\t\t\t\t\t<figure class=\"wp-caption\">\n\t\t\t\t\t\t\t\t\t\t\t<a href=\"https:\/\/www.illusionen.org\/blog\/grose\/\">\n\t\t\t\t\t\t\t<img decoding=\"async\" width=\"150\" height=\"150\" src=\"https:\/\/www.illusionen.org\/blog\/wp-content\/uploads\/2009\/09\/13597230_ec71dd9e7e_o-150x150.jpg\" class=\"attachment-thumbnail size-thumbnail wp-image-2856\" alt=\"Autos\/Gr\u00f6\u00dfen\" \/>\t\t\t\t\t\t\t\t<\/a>\n\t\t\t\t\t\t\t\t\t\t\t<figcaption class=\"widget-image-caption wp-caption-text\"><a href=\"https:\/\/www.illusionen.org\/blog\/grose\/\" target=\"_blank\">Gr\u00f6\u00dfent\u00e4uschungen<\/a><\/figcaption>\n\t\t\t\t\t\t\t\t\t\t<\/figure>\n\t\t\t\t\t\t\t\t\t<\/div>\n\t\t\t\t<\/div>\n\t\t\t\t<div class=\"elementor-element elementor-element-471bd3b elementor-widget elementor-widget-image\" data-id=\"471bd3b\" data-element_type=\"widget\" data-e-type=\"widget\" data-widget_type=\"image.default\">\n\t\t\t\t<div class=\"elementor-widget-container\">\n\t\t\t\t\t\t\t\t\t\t\t\t<figure class=\"wp-caption\">\n\t\t\t\t\t\t\t\t\t\t\t<a href=\"https:\/\/www.illusionen.org\/blog\/unmogliche-figuren\/\">\n\t\t\t\t\t\t\t<img loading=\"lazy\" decoding=\"async\" width=\"150\" height=\"150\" src=\"https:\/\/www.illusionen.org\/blog\/wp-content\/uploads\/2018\/10\/uquader3-150x150.jpg\" class=\"attachment-thumbnail size-thumbnail wp-image-3656\" alt=\"uquader3\" \/>\t\t\t\t\t\t\t\t<\/a>\n\t\t\t\t\t\t\t\t\t\t\t<figcaption class=\"widget-image-caption wp-caption-text\"><a href=\"https:\/\/www.illusionen.org\/blog\/unmogliche-figuren\/\" target=\"_blank\">Unm\u00f6gliche Figuren<\/a><\/figcaption>\n\t\t\t\t\t\t\t\t\t\t<\/figure>\n\t\t\t\t\t\t\t\t\t<\/div>\n\t\t\t\t<\/div>\n\t\t\t\t<div class=\"elementor-element elementor-element-598ad8b elementor-widget elementor-widget-image\" data-id=\"598ad8b\" data-element_type=\"widget\" data-e-type=\"widget\" data-widget_type=\"image.default\">\n\t\t\t\t<div class=\"elementor-widget-container\">\n\t\t\t\t\t\t\t\t\t\t\t\t<figure class=\"wp-caption\">\n\t\t\t\t\t\t\t\t\t\t\t<a href=\"https:\/\/www.illusionen.org\/blog\/mehrfachbilder\/\">\n\t\t\t\t\t\t\t<img loading=\"lazy\" decoding=\"async\" width=\"150\" height=\"150\" src=\"https:\/\/www.illusionen.org\/blog\/wp-content\/uploads\/2008\/09\/My_Wife_and_My_Mother-in-Law-150x150.jpg\" class=\"attachment-thumbnail size-thumbnail wp-image-3240\" alt=\"Alte oder junge Frau?\" \/>\t\t\t\t\t\t\t\t<\/a>\n\t\t\t\t\t\t\t\t\t\t\t<figcaption class=\"widget-image-caption wp-caption-text\"><a href=\"https:\/\/www.illusionen.org\/blog\/mehrfachbilder\/\" target=\"_blank\">Mehrfachbilder<\/a><\/figcaption>\n\t\t\t\t\t\t\t\t\t\t<\/figure>\n\t\t\t\t\t\t\t\t\t<\/div>\n\t\t\t\t<\/div>\n\t\t\t\t<div class=\"elementor-element elementor-element-fff29f4 elementor-widget elementor-widget-image\" data-id=\"fff29f4\" data-element_type=\"widget\" data-e-type=\"widget\" data-widget_type=\"image.default\">\n\t\t\t\t<div class=\"elementor-widget-container\">\n\t\t\t\t\t\t\t\t\t\t\t\t<figure class=\"wp-caption\">\n\t\t\t\t\t\t\t\t\t\t\t<a href=\"https:\/\/www.illusionen.org\/blog\/drehbilder\/\">\n\t\t\t\t\t\t\t<img loading=\"lazy\" decoding=\"async\" width=\"150\" height=\"150\" src=\"https:\/\/www.illusionen.org\/blog\/wp-content\/uploads\/2009\/09\/cat-150x150.gif\" class=\"attachment-thumbnail size-thumbnail wp-image-1275\" alt=\"Katze\" \/>\t\t\t\t\t\t\t\t<\/a>\n\t\t\t\t\t\t\t\t\t\t\t<figcaption class=\"widget-image-caption wp-caption-text\"><a href=\"https:\/\/www.illusionen.org\/blog\/drehbilder\/\" target=\"_blank\">Drehbilder<\/a><\/figcaption>\n\t\t\t\t\t\t\t\t\t\t<\/figure>\n\t\t\t\t\t\t\t\t\t<\/div>\n\t\t\t\t<\/div>\n\t\t\t\t<div class=\"elementor-element elementor-element-059727a elementor-widget elementor-widget-image\" data-id=\"059727a\" data-element_type=\"widget\" data-e-type=\"widget\" data-widget_type=\"image.default\">\n\t\t\t\t<div class=\"elementor-widget-container\">\n\t\t\t\t\t\t\t\t\t\t\t\t<figure class=\"wp-caption\">\n\t\t\t\t\t\t\t\t\t\t\t<a href=\"https:\/\/www.illusionen.org\/blog\/strasenmalerei\/\">\n\t\t\t\t\t\t\t<img loading=\"lazy\" decoding=\"async\" width=\"150\" height=\"150\" src=\"https:\/\/www.illusionen.org\/blog\/wp-content\/uploads\/2013\/03\/bruecken_verbinden_-150x150.jpg\" class=\"attachment-thumbnail size-thumbnail wp-image-2347\" alt=\"Br\u00fccken verbinden\" \/>\t\t\t\t\t\t\t\t<\/a>\n\t\t\t\t\t\t\t\t\t\t\t<figcaption class=\"widget-image-caption wp-caption-text\"><a href=\"https:\/\/www.illusionen.org\/blog\/strasenmalerei\/\" target=\"_blank\">Streetart &amp; Trompe-l\u2019\u0153il<\/a><\/figcaption>\n\t\t\t\t\t\t\t\t\t\t<\/figure>\n\t\t\t\t\t\t\t\t\t<\/div>\n\t\t\t\t<\/div>\n\t\t\t\t<div class=\"elementor-element elementor-element-0a9065b elementor-widget elementor-widget-image\" data-id=\"0a9065b\" data-element_type=\"widget\" data-e-type=\"widget\" data-widget_type=\"image.default\">\n\t\t\t\t<div class=\"elementor-widget-container\">\n\t\t\t\t\t\t\t\t\t\t\t\t<figure class=\"wp-caption\">\n\t\t\t\t\t\t\t\t\t\t\t<a href=\"https:\/\/www.illusionen.org\/blog\/trick-art-museen\/\">\n\t\t\t\t\t\t\t<img loading=\"lazy\" decoding=\"async\" width=\"150\" height=\"150\" src=\"https:\/\/www.illusionen.org\/blog\/wp-content\/uploads\/2013\/02\/8378172050_5af616d480_h1-150x150.jpg\" class=\"attachment-thumbnail size-thumbnail wp-image-2339\" alt=\"Trick Eye Museum\" \/>\t\t\t\t\t\t\t\t<\/a>\n\t\t\t\t\t\t\t\t\t\t\t<figcaption class=\"widget-image-caption wp-caption-text\"><a href=\"https:\/\/www.illusionen.org\/blog\/trick-art-museen\/\" target=\"_blank\">Trick-Art-Museen<\/a><\/figcaption>\n\t\t\t\t\t\t\t\t\t\t<\/figure>\n\t\t\t\t\t\t\t\t\t<\/div>\n\t\t\t\t<\/div>\n\t\t\t\t<div class=\"elementor-element elementor-element-6686349 elementor-widget elementor-widget-image\" data-id=\"6686349\" data-element_type=\"widget\" data-e-type=\"widget\" data-widget_type=\"image.default\">\n\t\t\t\t<div class=\"elementor-widget-container\">\n\t\t\t\t\t\t\t\t\t\t\t\t<figure class=\"wp-caption\">\n\t\t\t\t\t\t\t\t\t\t\t<a href=\"https:\/\/www.illusionen.org\/blog\/farbtauschungen\/\">\n\t\t\t\t\t\t\t<img loading=\"lazy\" decoding=\"async\" width=\"150\" height=\"150\" src=\"https:\/\/www.illusionen.org\/blog\/wp-content\/uploads\/2018\/11\/Grey_square_optical_illusion.svg_-150x150.jpg\" class=\"attachment-thumbnail size-thumbnail wp-image-3669\" alt=\"Schachbrett Farbillusion\" \/>\t\t\t\t\t\t\t\t<\/a>\n\t\t\t\t\t\t\t\t\t\t\t<figcaption class=\"widget-image-caption wp-caption-text\"><a href=\"https:\/\/www.illusionen.org\/blog\/farbtauschungen\/\" target=\"_blank\">Farbt\u00e4uschungen<\/a><\/figcaption>\n\t\t\t\t\t\t\t\t\t\t<\/figure>\n\t\t\t\t\t\t\t\t\t<\/div>\n\t\t\t\t<\/div>\n\t\t\t\t<div class=\"elementor-element elementor-element-2d7b2f3 elementor-widget elementor-widget-image\" data-id=\"2d7b2f3\" data-element_type=\"widget\" data-e-type=\"widget\" data-widget_type=\"image.default\">\n\t\t\t\t<div class=\"elementor-widget-container\">\n\t\t\t\t\t\t\t\t\t\t\t\t<figure class=\"wp-caption\">\n\t\t\t\t\t\t\t\t\t\t\t<a href=\"https:\/\/www.illusionen.org\/blog\/nachwirkbilder\/\">\n\t\t\t\t\t\t\t<img loading=\"lazy\" decoding=\"async\" width=\"150\" height=\"150\" src=\"https:\/\/www.illusionen.org\/blog\/wp-content\/uploads\/2018\/11\/5984574719_e53c0c4bab_o-150x150.jpg\" class=\"attachment-thumbnail size-thumbnail wp-image-3846\" alt=\"Delphy Legrain Christ\" \/>\t\t\t\t\t\t\t\t<\/a>\n\t\t\t\t\t\t\t\t\t\t\t<figcaption class=\"widget-image-caption wp-caption-text\"><a href=\"https:\/\/www.illusionen.org\/blog\/nachwirkbilder\/\" target=\"_blank\">Nachwirkbilder<\/a><\/figcaption>\n\t\t\t\t\t\t\t\t\t\t<\/figure>\n\t\t\t\t\t\t\t\t\t<\/div>\n\t\t\t\t<\/div>\n\t\t\t\t<div class=\"elementor-element elementor-element-4fe9ddc elementor-widget elementor-widget-image\" data-id=\"4fe9ddc\" data-element_type=\"widget\" data-e-type=\"widget\" data-widget_type=\"image.default\">\n\t\t\t\t<div class=\"elementor-widget-container\">\n\t\t\t\t\t\t\t\t\t\t\t\t<figure class=\"wp-caption\">\n\t\t\t\t\t\t\t\t\t\t\t<a href=\"https:\/\/www.illusionen.org\/blog\/3d\/\">\n\t\t\t\t\t\t\t<img loading=\"lazy\" decoding=\"async\" width=\"150\" height=\"150\" src=\"https:\/\/www.illusionen.org\/blog\/wp-content\/uploads\/2010\/12\/5236649211_0d56751c28_o-150x150.gif\" class=\"attachment-thumbnail size-thumbnail wp-image-1846\" alt=\"Riesenrad\" \/>\t\t\t\t\t\t\t\t<\/a>\n\t\t\t\t\t\t\t\t\t\t\t<figcaption class=\"widget-image-caption wp-caption-text\"><a href=\"https:\/\/www.illusionen.org\/blog\/3d\/\" target=\"_blank\">3D<\/a><\/figcaption>\n\t\t\t\t\t\t\t\t\t\t<\/figure>\n\t\t\t\t\t\t\t\t\t<\/div>\n\t\t\t\t<\/div>\n\t\t\t\t<div class=\"elementor-element elementor-element-21c71b5 elementor-widget elementor-widget-image\" data-id=\"21c71b5\" data-element_type=\"widget\" data-e-type=\"widget\" data-widget_type=\"image.default\">\n\t\t\t\t<div class=\"elementor-widget-container\">\n\t\t\t\t\t\t\t\t\t\t\t\t<figure class=\"wp-caption\">\n\t\t\t\t\t\t\t\t\t\t\t<a href=\"https:\/\/www.illusionen.org\/blog\/extra\/\">\n\t\t\t\t\t\t\t<img loading=\"lazy\" decoding=\"async\" width=\"150\" height=\"150\" src=\"https:\/\/www.illusionen.org\/blog\/wp-content\/uploads\/2009\/08\/2325383864_a74c32e55a_b1-150x150.jpg\" class=\"attachment-thumbnail size-thumbnail wp-image-2391\" alt=\"Unterm Eiffelturm\" srcset=\"https:\/\/www.illusionen.org\/blog\/wp-content\/uploads\/2009\/08\/2325383864_a74c32e55a_b1-150x150.jpg 150w, https:\/\/www.illusionen.org\/blog\/wp-content\/uploads\/2009\/08\/2325383864_a74c32e55a_b1-300x300.jpg 300w, https:\/\/www.illusionen.org\/blog\/wp-content\/uploads\/2009\/08\/2325383864_a74c32e55a_b1-400x400.jpg 400w, https:\/\/www.illusionen.org\/blog\/wp-content\/uploads\/2009\/08\/2325383864_a74c32e55a_b1.jpg 1024w\" sizes=\"(max-width: 150px) 100vw, 150px\" \/>\t\t\t\t\t\t\t\t<\/a>\n\t\t\t\t\t\t\t\t\t\t\t<figcaption class=\"widget-image-caption wp-caption-text\"><a href=\"https:\/\/www.illusionen.org\/blog\/extra\/\" target=\"_blank\">Extra<\/a><\/figcaption>\n\t\t\t\t\t\t\t\t\t\t<\/figure>\n\t\t\t\t\t\t\t\t\t<\/div>\n\t\t\t\t<\/div>\n\t\t\t\t<div class=\"elementor-element elementor-element-e87d73b elementor-widget elementor-widget-image\" data-id=\"e87d73b\" data-element_type=\"widget\" data-e-type=\"widget\" data-widget_type=\"image.default\">\n\t\t\t\t<div class=\"elementor-widget-container\">\n\t\t\t\t\t\t\t\t\t\t\t\t<figure class=\"wp-caption\">\n\t\t\t\t\t\t\t\t\t\t\t<a href=\"https:\/\/www.illusionen.org\/blog\/fraktale\/\">\n\t\t\t\t\t\t\t<img loading=\"lazy\" decoding=\"async\" width=\"150\" height=\"150\" src=\"https:\/\/www.illusionen.org\/blog\/wp-content\/uploads\/2017\/10\/1280px-Mandelbrot_set_with_coloured_environment-150x150.jpg\" class=\"attachment-thumbnail size-thumbnail wp-image-3524\" alt=\"Mandelbrot-Menge (schwarz) mit farbig dargestellter Umgebung\" \/>\t\t\t\t\t\t\t\t<\/a>\n\t\t\t\t\t\t\t\t\t\t\t<figcaption class=\"widget-image-caption wp-caption-text\"><a href=\"https:\/\/www.illusionen.org\/blog\/fraktale\/\" target=\"_blank\">Fraktale<\/a><\/figcaption>\n\t\t\t\t\t\t\t\t\t\t<\/figure>\n\t\t\t\t\t\t\t\t\t<\/div>\n\t\t\t\t<\/div>\n\t\t\t\t<div class=\"elementor-element elementor-element-5d3b806 elementor-widget elementor-widget-image\" data-id=\"5d3b806\" data-element_type=\"widget\" data-e-type=\"widget\" data-widget_type=\"image.default\">\n\t\t\t\t<div class=\"elementor-widget-container\">\n\t\t\t\t\t\t\t\t\t\t\t\t<figure class=\"wp-caption\">\n\t\t\t\t\t\t\t\t\t\t\t<a href=\"\">\n\t\t\t\t\t\t\t<img loading=\"lazy\" decoding=\"async\" width=\"150\" height=\"150\" src=\"https:\/\/www.illusionen.org\/blog\/wp-content\/uploads\/2025\/05\/Ambigram_Motel_Water-150x150.jpg\" class=\"attachment-thumbnail size-thumbnail wp-image-4781\" alt=\"Ambigramm Motel\/Water\" srcset=\"https:\/\/www.illusionen.org\/blog\/wp-content\/uploads\/2025\/05\/Ambigram_Motel_Water-150x150.jpg 150w, https:\/\/www.illusionen.org\/blog\/wp-content\/uploads\/2025\/05\/Ambigram_Motel_Water-300x300.jpg 300w, https:\/\/www.illusionen.org\/blog\/wp-content\/uploads\/2025\/05\/Ambigram_Motel_Water-1024x1024.jpg 1024w, https:\/\/www.illusionen.org\/blog\/wp-content\/uploads\/2025\/05\/Ambigram_Motel_Water-768x768.jpg 768w, https:\/\/www.illusionen.org\/blog\/wp-content\/uploads\/2025\/05\/Ambigram_Motel_Water-1536x1536.jpg 1536w, https:\/\/www.illusionen.org\/blog\/wp-content\/uploads\/2025\/05\/Ambigram_Motel_Water-144x144.jpg 144w, https:\/\/www.illusionen.org\/blog\/wp-content\/uploads\/2025\/05\/Ambigram_Motel_Water-1200x1200.jpg 1200w, https:\/\/www.illusionen.org\/blog\/wp-content\/uploads\/2025\/05\/Ambigram_Motel_Water-1980x1980.jpg 1980w, https:\/\/www.illusionen.org\/blog\/wp-content\/uploads\/2025\/05\/Ambigram_Motel_Water.jpg 2048w\" sizes=\"(max-width: 150px) 100vw, 150px\" \/>\t\t\t\t\t\t\t\t<\/a>\n\t\t\t\t\t\t\t\t\t\t\t<figcaption class=\"widget-image-caption wp-caption-text\"><a href=\"https:\/\/www.illusionen.org\/blog\/ambigramme\/\" target=\"_blank\">NEU! Ambigramme<\/a><\/figcaption>\n\t\t\t\t\t\t\t\t\t\t<\/figure>\n\t\t\t\t\t\t\t\t\t<\/div>\n\t\t\t\t<\/div>\n\t\t\t\t<div class=\"elementor-element elementor-element-b4889e2 elementor-widget elementor-widget-image\" data-id=\"b4889e2\" data-element_type=\"widget\" data-e-type=\"widget\" data-widget_type=\"image.default\">\n\t\t\t\t<div class=\"elementor-widget-container\">\n\t\t\t\t\t\t\t\t\t\t\t\t<figure class=\"wp-caption\">\n\t\t\t\t\t\t\t\t\t\t\t<a href=\"https:\/\/www.illusionen.org\/blog\/mysteries\/\">\n\t\t\t\t\t\t\t<img loading=\"lazy\" decoding=\"async\" width=\"150\" height=\"150\" src=\"https:\/\/www.illusionen.org\/blog\/wp-content\/uploads\/2020\/02\/forest-4270587_1920-150x150.jpg\" class=\"attachment-thumbnail size-thumbnail wp-image-4074\" alt=\"forest-4270587_1920\" \/>\t\t\t\t\t\t\t\t<\/a>\n\t\t\t\t\t\t\t\t\t\t\t<figcaption class=\"widget-image-caption wp-caption-text\"><a href=\"https:\/\/www.illusionen.org\/blog\/mysteries\/\" target=\"_blank\">Mystery<\/a><\/figcaption>\n\t\t\t\t\t\t\t\t\t\t<\/figure>\n\t\t\t\t\t\t\t\t\t<\/div>\n\t\t\t\t<\/div>\n\t\t\t\t<div class=\"elementor-element elementor-element-58b58d3 elementor-widget elementor-widget-image\" data-id=\"58b58d3\" data-element_type=\"widget\" data-e-type=\"widget\" data-widget_type=\"image.default\">\n\t\t\t\t<div class=\"elementor-widget-container\">\n\t\t\t\t\t\t\t\t\t\t\t\t<figure class=\"wp-caption\">\n\t\t\t\t\t\t\t\t\t\t\t<a href=\"https:\/\/www.illusionen.org\/blog\/ratsel\/\">\n\t\t\t\t\t\t\t<img loading=\"lazy\" decoding=\"async\" width=\"150\" height=\"150\" src=\"https:\/\/www.illusionen.org\/blog\/wp-content\/uploads\/2018\/06\/34323505_586084441772517_694744112980557824_n-150x150.jpg\" class=\"attachment-thumbnail size-thumbnail wp-image-3609\" alt=\"Gesichter\" \/>\t\t\t\t\t\t\t\t<\/a>\n\t\t\t\t\t\t\t\t\t\t\t<figcaption class=\"widget-image-caption wp-caption-text\"><a href=\"https:\/\/www.illusionen.org\/blog\/ratsel\/\" target=\"_blank\">R\u00e4tsel<\/a><\/figcaption>\n\t\t\t\t\t\t\t\t\t\t<\/figure>\n\t\t\t\t\t\t\t\t\t<\/div>\n\t\t\t\t<\/div>\n\t\t\t\t<div class=\"elementor-element elementor-element-06347e3 elementor-widget elementor-widget-image\" data-id=\"06347e3\" data-element_type=\"widget\" data-e-type=\"widget\" data-widget_type=\"image.default\">\n\t\t\t\t<div class=\"elementor-widget-container\">\n\t\t\t\t\t\t\t\t\t\t\t\t<figure class=\"wp-caption\">\n\t\t\t\t\t\t\t\t\t\t\t<a href=\"https:\/\/www.illusionen.org\/blog\/werner-stanggassinger\/\">\n\t\t\t\t\t\t\t<img loading=\"lazy\" decoding=\"async\" width=\"150\" height=\"150\" src=\"https:\/\/www.illusionen.org\/blog\/wp-content\/uploads\/2021\/09\/U-for-you-1-150x150.jpg\" class=\"attachment-thumbnail size-thumbnail wp-image-4425\" alt=\"Werner Stangga\u00dfinger \u2013 U for you\" srcset=\"https:\/\/www.illusionen.org\/blog\/wp-content\/uploads\/2021\/09\/U-for-you-1-150x150.jpg 150w, https:\/\/www.illusionen.org\/blog\/wp-content\/uploads\/2021\/09\/U-for-you-1-144x144.jpg 144w\" sizes=\"(max-width: 150px) 100vw, 150px\" \/>\t\t\t\t\t\t\t\t<\/a>\n\t\t\t\t\t\t\t\t\t\t\t<figcaption class=\"widget-image-caption wp-caption-text\"><a href=\"https:\/\/www.illusionen.org\/blog\/werner-stanggassinger\/\" target=\"_blank\">Stangga\u00dfinger<\/a><\/figcaption>\n\t\t\t\t\t\t\t\t\t\t<\/figure>\n\t\t\t\t\t\t\t\t\t<\/div>\n\t\t\t\t<\/div>\n\t\t\t\t<div class=\"elementor-element elementor-element-73ff47d elementor-widget elementor-widget-image\" data-id=\"73ff47d\" data-element_type=\"widget\" data-e-type=\"widget\" data-widget_type=\"image.default\">\n\t\t\t\t<div class=\"elementor-widget-container\">\n\t\t\t\t\t\t\t\t\t\t\t\t<figure class=\"wp-caption\">\n\t\t\t\t\t\t\t\t\t\t\t<a href=\"https:\/\/www.illusionen.org\/blog\/losungen\/\">\n\t\t\t\t\t\t\t<img loading=\"lazy\" decoding=\"async\" width=\"150\" height=\"150\" src=\"https:\/\/www.illusionen.org\/blog\/wp-content\/uploads\/2025\/04\/question-8925122_1920-150x150.png\" class=\"attachment-thumbnail size-thumbnail wp-image-4705\" alt=\"L\u00f6sung\" srcset=\"https:\/\/www.illusionen.org\/blog\/wp-content\/uploads\/2025\/04\/question-8925122_1920-150x150.png 150w, https:\/\/www.illusionen.org\/blog\/wp-content\/uploads\/2025\/04\/question-8925122_1920-144x144.png 144w\" sizes=\"(max-width: 150px) 100vw, 150px\" \/>\t\t\t\t\t\t\t\t<\/a>\n\t\t\t\t\t\t\t\t\t\t\t<figcaption class=\"widget-image-caption wp-caption-text\"><a href=\"https:\/\/www.illusionen.org\/blog\/losungen\/\" target=\"_blank\">L\u00f6sungen<\/a><\/figcaption>\n\t\t\t\t\t\t\t\t\t\t<\/figure>\n\t\t\t\t\t\t\t\t\t<\/div>\n\t\t\t\t<\/div>\n\t\t\t\t\t<\/div>\n\t\t\t\t<\/div>\n\t\t<div class=\"elementor-element elementor-element-e2e6750 e-flex e-con-boxed e-con e-parent\" data-id=\"e2e6750\" data-element_type=\"container\" data-e-type=\"container\">\n\t\t\t\t\t<div class=\"e-con-inner\">\n\t\t\t\t<div class=\"elementor-element elementor-element-236ba6e elementor-widget elementor-widget-text-editor\" data-id=\"236ba6e\" data-element_type=\"widget\" data-e-type=\"widget\" data-widget_type=\"text-editor.default\">\n\t\t\t\t<div class=\"elementor-widget-container\">\n\t\t\t\t\t\t\t\t\t<p style=\"font-size: 12px;\">Lizenzen Kacheln: Gr\u00f6\u00dfenunterschiede: Cyberesque \/ <a href=\"https:\/\/creativecommons.org\/licenses\/by-sa\/2.0\/\" target=\"_blank\" rel=\"noopener noreferrer\">CC BY-SA 2.0<\/a>, 3D: Thiophene_Guy \/ <a href=\"https:\/\/creativecommons.org\/licenses\/by-nc-sa\/2.0\/\" target=\"_blank\" rel=\"noopener noreferrer\">CC BY-NC-SA 2.0, <\/a>Extra: Songkran \/<a href=\"https:\/\/creativecommons.org\/licenses\/by-nc-sa\/2.0\/\" target=\"_blank\" rel=\"noopener noreferrer\">CC BY-NC-SA 2.0, <\/a>Fraktale: Wolfgang Beyer \/ <a href=\"https:\/\/creativecommons.org\/licenses\/by-sa\/3.0\/deed.en\" target=\"_blank\" rel=\"noopener noreferrer\">CC BY-SA 3.0<\/a><\/p>\t\t\t\t\t\t\t\t<\/div>\n\t\t\t\t<\/div>\n\t\t\t\t<div class=\"elementor-element elementor-element-7f4b737 elementor-widget elementor-widget-text-editor\" data-id=\"7f4b737\" data-element_type=\"widget\" data-e-type=\"widget\" data-widget_type=\"text-editor.default\">\n\t\t\t\t<div class=\"elementor-widget-container\">\n\t\t\t\t\t\t\t\t\t<p>Mit \u00fcber 1.500 Illusionen geh\u00f6rt illusionen.org zu den gr\u00f6\u00dften Sammlungen optischer T\u00e4uschungen und verwandter optischer Raffinessen im deutschsprachigen Internet!<\/p>\t\t\t\t\t\t\t\t<\/div>\n\t\t\t\t<\/div>\n\t\t\t\t<div class=\"elementor-element elementor-element-de86795 elementor-widget elementor-widget-text-editor\" data-id=\"de86795\" data-element_type=\"widget\" data-e-type=\"widget\" data-widget_type=\"text-editor.default\">\n\t\t\t\t<div class=\"elementor-widget-container\">\n\t\t\t\t\t\t\t\t\t<p>Auch daran ist gedacht: <a href=\"https:\/\/www.illusionen.org\/blog\/losungen\/losungen\/\"><span style=\"text-decoration: underline;\">L\u00f6sungen<\/span><\/a><\/p>\t\t\t\t\t\t\t\t<\/div>\n\t\t\t\t<\/div>\n\t\t\t\t\t<\/div>\n\t\t\t\t<\/div>\n\t\t<div class=\"elementor-element elementor-element-f06c5c7 e-flex e-con-boxed e-con e-parent\" data-id=\"f06c5c7\" data-element_type=\"container\" data-e-type=\"container\">\n\t\t\t\t\t<div class=\"e-con-inner\">\n\t\t\t\t<div class=\"elementor-element elementor-element-f566f17 elementor-widget elementor-widget-text-editor\" data-id=\"f566f17\" data-element_type=\"widget\" data-e-type=\"widget\" data-widget_type=\"text-editor.default\">\n\t\t\t\t<div class=\"elementor-widget-container\">\n\t\t\t\t\t\t\t\t\t<p>So fing mal alles an:\u00a0<a href=\"https:\/\/www.illusionen.org\/blog\/umstellung-auf-blog\/\"><span style=\"text-decoration: underline;\">Umstellung auf Blog<\/span><\/a><\/p>\t\t\t\t\t\t\t\t<\/div>\n\t\t\t\t<\/div>\n\t\t\t\t\t<\/div>\n\t\t\t\t<\/div>\n\t\t\t\t<\/div>\n\t\t","protected":false},"excerpt":{"rendered":"<p>Letztes Update: 09.12.2025 (Mystery) Neue Bilder finden sich in der Regel ganz oben auf den Seiten. Optische T\u00e4uschungen Bewegungen\/Flimmern Gr\u00f6\u00dfent\u00e4uschungen Unm\u00f6gliche Figuren Mehrfachbilder Drehbilder Streetart &amp; Trompe-l\u2019\u0153il Trick-Art-Museen Farbt\u00e4uschungen Nachwirkbilder 3D Extra Fraktale NEU! Ambigramme Mystery R\u00e4tsel Stangga\u00dfinger L\u00f6sungen Lizenzen Kacheln: Gr\u00f6\u00dfenunterschiede: Cyberesque \/ CC BY-SA 2.0, 3D: Thiophene_Guy \/ CC BY-NC-SA 2.0, Extra: Songkran [&hellip;]<\/p>\n","protected":false},"author":1,"featured_media":0,"parent":0,"menu_order":0,"comment_status":"open","ping_status":"open","template":"","meta":{"footnotes":""},"class_list":["post-4636","page","type-page","status-publish","hentry"],"_links":{"self":[{"href":"https:\/\/www.illusionen.org\/blog\/wp-json\/wp\/v2\/pages\/4636","targetHints":{"allow":["GET"]}}],"collection":[{"href":"https:\/\/www.illusionen.org\/blog\/wp-json\/wp\/v2\/pages"}],"about":[{"href":"https:\/\/www.illusionen.org\/blog\/wp-json\/wp\/v2\/types\/page"}],"author":[{"embeddable":true,"href":"https:\/\/www.illusionen.org\/blog\/wp-json\/wp\/v2\/users\/1"}],"replies":[{"embeddable":true,"href":"https:\/\/www.illusionen.org\/blog\/wp-json\/wp\/v2\/comments?post=4636"}],"version-history":[{"count":0,"href":"https:\/\/www.illusionen.org\/blog\/wp-json\/wp\/v2\/pages\/4636\/revisions"}],"wp:attachment":[{"href":"https:\/\/www.illusionen.org\/blog\/wp-json\/wp\/v2\/media?parent=4636"}],"curies":[{"name":"wp","href":"https:\/\/api.w.org\/{rel}","templated":true}]}}