{"id":328,"date":"2008-09-02T14:06:35","date_gmt":"2008-09-02T12:06:35","guid":{"rendered":"http:\/\/www.illusionen.org\/blog\/?page_id=328"},"modified":"2025-07-31T22:14:01","modified_gmt":"2025-07-31T20:14:01","slug":"losungen","status":"publish","type":"page","link":"https:\/\/www.illusionen.org\/blog\/losungen\/","title":{"rendered":"L\u00f6sungen"},"content":{"rendered":"<p>L\u00f6sungen finden sich nicht nur f\u00fcr die &#8222;R\u00e4tsel&#8220; von der gleichnamigen Seite, sondern auch f\u00fcr Bilder, in denen etwas versteckt ist, v.a. von der Seite &#8222;Mehrfachbilder&#8220;.<\/p>\n<p><strong>So erhalte ich das Passwort<\/strong><br \/>\nDamit noch ein gewisser Reiz vorhanden ist und dich ein wenig anstrengst, sind die L\u00f6sungen passwortgesichert. Wenn du gar nicht mehr weiterkommst, kannst du das Passwort unter <a href=\"mailto:info@illusionen.org?subject=Illusionen:%20Bitte%20L\u00f6sungen%20senden!\">info@illusionen.org<\/a> anfordern. Das Passwort wird in der Regel innerhalb einiger Stunden verschickt.<\/p>\n<p>Noch ein Hinweis: Ich kriege immer wieder zu h\u00f6ren, manche R\u00e4tsel w\u00e4ren viel zu einfach, es sei daher keine L\u00f6sung erforderlich. Doch auch bei vermeintlich simplen R\u00e4tseln kann man einmal das Offensichtliche \u00fcbersehen. Daher wird nahezu f\u00fcr alles, das Richtung R\u00e4tsel geht, eine L\u00f6sung angeboten.<\/p>\n<p><a href=\"https:\/\/www.illusionen.org\/blog\/losungen\/losungen-2\/\" target=\"_self\" rel=\"noopener noreferrer\">\u2192 Hier geht es zu den L\u00f6sungen<\/a> (Passwort notwendig!)<\/p>\n<p>L\u00f6sungen sind vorhanden f\u00fcr:<\/p>\n<ul>\n<li>2 Menschen, aber nur ein Bild<\/li>\n<li>3 Clowns<\/li>\n<li>3 Gesichter<\/li>\n<li>3 Portraits<\/li>\n<li>4 Damen<\/li>\n<li>4 Leute<\/li>\n<li>7 Gesichter<\/li>\n<li>7 Pferde (das Bild mit dem Strand)<\/li>\n<li>9 Pandas<\/li>\n<li>9 Punkte<\/li>\n<li>Abstand<\/li>\n<li>Abtransport der Schornsteine<\/li>\n<li>Admiral<\/li>\n<li>Altes Ehepaar oder Musiker? (Old Couple or Musican?)<\/li>\n<li>Arzt und Patient<\/li>\n<li>Autofahrt<\/li>\n<li>Bacchus<\/li>\n<li>Baumgesichter<\/li>\n<li>Bilderr\u00e4tsel<\/li>\n<li>Bilderr\u00e4tsel 2<\/li>\n<li>Blume<\/li>\n<li>Buchstaben<\/li>\n<li>Chirurgenr\u00e4tsel<\/li>\n<li>Da lachen ja die H\u00fchner!<\/li>\n<li>Das ungel\u00f6ste R\u00e4tselbild (Teill\u00f6sung)<\/li>\n<li>Das vermisste Cowgirl<\/li>\n<li>Das Wandern ist des M\u00fcllers Lust<\/li>\n<li>Der arme Hund sucht sein Herrchen<\/li>\n<li>Der gro\u00dfe Brand von Rom<\/li>\n<li>Der Kamerad<\/li>\n<li>Der Schatten des Napoleon Bonaparte<\/li>\n<li>Der Schatten des Napoleon Bonaparte\u00a02<\/li>\n<li>Der verlorene Bruder<\/li>\n<li>Der verlorene Reiter<\/li>\n<li>Der Vater und seine drei T\u00f6chter<\/li>\n<li>Die Anglerin<\/li>\n<li>Die Armen haben ihre Arme verloren!<\/li>\n<li>Die Patin<\/li>\n<li>Die Ratte<\/li>\n<li>Die Schlacht von Arbela<\/li>\n<li>Donald Trump<\/li>\n<li>Drei Autos (Teill\u00f6sung)<\/li>\n<li>D\u00fcnne Beinchen \u2013 Beinprothesen<\/li>\n<li>Dyan\u00b4s Tree<\/li>\n<li>Ein Becher \u2013 zwei Trinker<\/li>\n<li>Elefant: Z\u00e4hle alle Tiere und benenne sie! (1)<\/li>\n<li>Elefant: Z\u00e4hle alle Tiere und benenne sie! (2)<\/li>\n<li>Ente \u2013 verdorbene Seele<\/li>\n<li>Erscheinung<\/li>\n<li>Fair spirits and Foul<\/li>\n<li>Farmer sucht Frau<\/li>\n<li>Farmer und Esel<\/li>\n<li>FedEx-Logo<\/li>\n<li>Fehlende Zahl<\/li>\n<li>Fehlender Euro<\/li>\n<li>Finde den B\u00e4ren<\/li>\n<li>Finde die Abweichung!<\/li>\n<li>Flasche leer?<\/li>\n<li>Franz\u00f6sin oder Russin?<\/li>\n<li>Frosch<\/li>\n<li>Ganove und Gendarm<\/li>\n<li>Gartenarbeit<\/li>\n<li>Gebirge 2<\/li>\n<li>Gef\u00e4ngnisausbruch<\/li>\n<li>Gegen-S\u00e4tze<\/li>\n<li>Geheimnis<\/li>\n<li>Geheimnis 2<\/li>\n<li>Geheimnis 3 \u2013 Wen siehst du?<\/li>\n<li>Geheimnisvolle Eisenbahn<\/li>\n<li>Gendarm und Dieb<\/li>\n<li>Gesicht oder Text<\/li>\n<li>Ges(ch)ichtsbrunnen in Roxbury, Massachusetts<\/li>\n<li>Gesichter<\/li>\n<li>Hausfehler<\/li>\n<li>High Society oder?<\/li>\n<li>Hot!<\/li>\n<li>Hunde<\/li>\n<li>Hunde im Schnee<\/li>\n<li>Hund entlaufen!<\/li>\n<li>Hund oder Mann?<\/li>\n<li>Hund und Herrchen<\/li>\n<li>Im Kreis drehen<\/li>\n<li>In welche Richtung f\u00e4hrt der Bus?<\/li>\n<li>Japanerin<\/li>\n<li>Junge, Junge!<\/li>\n<li>Junge, Junge, Junge!<\/li>\n<li>Lesen will gelernt sein<\/li>\n<li>Kaputtes T-Shirt<\/li>\n<li>Katzensprung<\/li>\n<li>Kfz-Kennzeichen<\/li>\n<li>Knochenpuzzle<\/li>\n<li>Konnichiwa!<\/li>\n<li>Kopf\/Liebespaar<\/li>\n<li>Kr\u00e4he<\/li>\n<li>Leopard<\/li>\n<li>Liebhaber<\/li>\n<li>Mad and Sad<\/li>\n<li>Mann mit Bart<\/li>\n<li>Mann und Frau 3<\/li>\n<li>Marie<\/li>\n<li>Mexikaner oder Frau?<\/li>\n<li>M\u00fcller, Sohn und Esel<\/li>\n<li>Nicht f\u00fcr die Schule, sondern das Leben lernen wir<\/li>\n<li>Parkplatz-Nummer<\/li>\n<li>Peru dreifach<\/li>\n<li>Pfeifenraucher<\/li>\n<li>Pferd<\/li>\n<li>Pink<\/li>\n<li>Raucher<\/li>\n<li>Revolverheld &#8222;Wild Bill&#8220; Hickok<\/li>\n<li>Rot-Gr\u00fcn-Sehschw\u00e4che<\/li>\n<li>Rumstehen wie ein nasser Regenschirm<\/li>\n<li>Sandwich<\/li>\n<li>Sanit\u00e4tshund<\/li>\n<li>Sch\u00e4ferin<\/li>\n<li>Schildkr\u00f6te: Wie viele Gesichter?<\/li>\n<li>Schmetterling<\/li>\n<li>Schrumpfkopf<\/li>\n<li>Sch\u00fcler<\/li>\n<li>Schwebende Hofoper (Covent Garden) von Alex Chinneck<\/li>\n<li>See mit Geheimnis<\/li>\n<li>See mit Geheimnis 2<\/li>\n<li>See sehen<\/li>\n<li>Sehen wie der Hase l\u00e4uft<\/li>\n<li>Seltsamer Arm<\/li>\n<li>Sie sind zu viert! (Angler)<\/li>\n<li>Suchbild<\/li>\n<li>Tanz mit Weinglas in der Hand<\/li>\n<li>Telefon<\/li>\n<li>The Eagle of the Republic<\/li>\n<li>Ticket<\/li>\n<li>Tollgate No. 3 (Teill\u00f6sung)<\/li>\n<li>\u00dcber 7 Br\u00fccken muss du gehen!<\/li>\n<li>Verlorener Hirte<\/li>\n<li>Verr\u00fcckte Addition<\/li>\n<li>Verr\u00fcckte Gleichung<\/li>\n<li>Verr\u00fccktes Dreieck<\/li>\n<li>Verr\u00fccktes Motorrad<\/li>\n<li>Verschaukelt<\/li>\n<li>Versteckte Giraffe<\/li>\n<li>Versteckter Hund<\/li>\n<li>Versteckter Text<\/li>\n<li>Versteckter Tiger<\/li>\n<li>Versteckte Zahl<\/li>\n<li>Versteckt \u2013 Schlie\u00dfe ein Auge!<\/li>\n<li>Viele Delfine<\/li>\n<li>Vom Pferd auf den Esel kommen<\/li>\n<li>Voyeur<\/li>\n<li>Wald<\/li>\n<li>Was ist das?<\/li>\n<li>Was ist das f\u00fcr ein Lebewesen?<\/li>\n<li>Was muss an die Stelle des Fragezeichens?<\/li>\n<li>Weinglas<\/li>\n<li>Welcher Begriff wird hier gesucht?<\/li>\n<li>Wer ist die Mutter?<\/li>\n<li>Wie viele Leute?<\/li>\n<li>Wie viele Tiere?<\/li>\n<li>Wirt und Gast<\/li>\n<li>Wo ist der Elefant?<\/li>\n<li>Wo ist der Elefant 2?<\/li>\n<li>Wo ist der Kapit\u00e4n?<\/li>\n<li>Wo ist der T\u00fcrke?<\/li>\n<li>Wo ist der zweite Mann?<\/li>\n<li>Wo ist die Butterblume?<\/li>\n<li>Wo ist die Katze?<\/li>\n<li>Wo sind die beiden Ratten?<\/li>\n<li>Z\u00e4hle alle Tiere im Wald!<\/li>\n<li>Zahlensymbole<\/li>\n<li>Zahlensymbole 2<\/li>\n<li>Ziffern beziffern<\/li>\n<li>Ziffern beziffern 2<\/li>\n<li>Ziffern und Winkel<\/li>\n<li>Zirkusb\u00e4r und Dompteur<\/li>\n<li>Zug<\/li>\n<li>Zwei M\u00e4nner<\/li>\n<li>Zwei Tiere<\/li>\n<li>Zwei W\u00f6rter<\/li>\n<li>Zwei W\u00f6rter \u2013 ein Bild<\/li>\n<\/ul>\n<p><a href=\"https:\/\/www.illusionen.org\/blog\/losungen\/losungen-2\/\" target=\"_self\" rel=\"noopener noreferrer\">\u2192 Hier geht es zu den L\u00f6sungen<\/a> (Passwort notwendig!)<\/p>\n","protected":false},"excerpt":{"rendered":"<p>L\u00f6sungen finden sich nicht nur f\u00fcr die &#8222;R\u00e4tsel&#8220; von der gleichnamigen Seite, sondern auch f\u00fcr Bilder, in denen etwas versteckt ist, v.a. von der Seite &#8222;Mehrfachbilder&#8220;. So erhalte ich das Passwort Damit noch ein gewisser Reiz vorhanden ist und dich ein wenig anstrengst, sind die L\u00f6sungen passwortgesichert. Wenn du gar nicht mehr weiterkommst, kannst du [&hellip;]<\/p>\n","protected":false},"author":1,"featured_media":0,"parent":0,"menu_order":91,"comment_status":"closed","ping_status":"closed","template":"","meta":{"footnotes":""},"class_list":["post-328","page","type-page","status-publish","hentry"],"_links":{"self":[{"href":"https:\/\/www.illusionen.org\/blog\/wp-json\/wp\/v2\/pages\/328","targetHints":{"allow":["GET"]}}],"collection":[{"href":"https:\/\/www.illusionen.org\/blog\/wp-json\/wp\/v2\/pages"}],"about":[{"href":"https:\/\/www.illusionen.org\/blog\/wp-json\/wp\/v2\/types\/page"}],"author":[{"embeddable":true,"href":"https:\/\/www.illusionen.org\/blog\/wp-json\/wp\/v2\/users\/1"}],"replies":[{"embeddable":true,"href":"https:\/\/www.illusionen.org\/blog\/wp-json\/wp\/v2\/comments?post=328"}],"version-history":[{"count":0,"href":"https:\/\/www.illusionen.org\/blog\/wp-json\/wp\/v2\/pages\/328\/revisions"}],"wp:attachment":[{"href":"https:\/\/www.illusionen.org\/blog\/wp-json\/wp\/v2\/media?parent=328"}],"curies":[{"name":"wp","href":"https:\/\/api.w.org\/{rel}","templated":true}]}}